{"id":238,"date":"2025-10-11T04:08:04","date_gmt":"2025-10-11T04:08:04","guid":{"rendered":"https:\/\/dev.webfactory.com.py\/ava-club\/?page_id=238"},"modified":"2025-10-15T18:20:04","modified_gmt":"2025-10-15T18:20:04","slug":"academia-ava","status":"publish","type":"page","link":"https:\/\/ava.com.py\/en\/academia-ava\/","title":{"rendered":"\u00c1VA Academy"},"content":{"rendered":"<div data-elementor-type=\"wp-page\" data-elementor-id=\"238\" class=\"elementor elementor-238\" data-elementor-post-type=\"page\">\n\t\t\t\t<div class=\"elementor-element elementor-element-c24c68b e-flex e-con-boxed e-con e-parent\" data-id=\"c24c68b\" data-element_type=\"container\" data-settings=\"{&quot;background_background&quot;:&quot;classic&quot;}\">\n\t\t\t\t\t<div class=\"e-con-inner\">\n\t\t\t\t<div class=\"elementor-element elementor-element-8a8605d elementor-widget elementor-widget-heading\" data-id=\"8a8605d\" data-element_type=\"widget\" data-widget_type=\"heading.default\">\n\t\t\t\t\t<h1 class=\"elementor-heading-title elementor-size-default\">\u00c1VA Academy<\/h1>\t\t\t\t<\/div>\n\t\t\t\t\t<\/div>\n\t\t\t\t<\/div>\n\t\t<div class=\"elementor-element elementor-element-5774e19 e-flex e-con-boxed e-con e-parent\" data-id=\"5774e19\" data-element_type=\"container\" data-settings=\"{&quot;background_background&quot;:&quot;classic&quot;}\">\n\t\t\t\t\t<div class=\"e-con-inner\">\n\t\t\t\t\t<\/div>\n\t\t\t\t<\/div>\n\t\t<div class=\"elementor-element elementor-element-6a039c9 e-con-full e-flex e-con e-parent\" data-id=\"6a039c9\" data-element_type=\"container\" data-settings=\"{&quot;background_background&quot;:&quot;classic&quot;}\">\n\t\t<div class=\"elementor-element elementor-element-eec39de e-con-full e-flex e-con e-child\" data-id=\"eec39de\" data-element_type=\"container\">\n\t\t\t\t<div class=\"elementor-element elementor-element-2e4bfb0 elementor-widget elementor-widget-image\" data-id=\"2e4bfb0\" data-element_type=\"widget\" data-widget_type=\"image.default\">\n\t\t\t\t\t\t\t\t\t\t\t\t\t\t\t<img decoding=\"async\" width=\"141\" height=\"116\" src=\"https:\/\/ava.com.py\/wp-content\/uploads\/2025\/10\/AVA-Logos_marron4-1.png\" class=\"attachment-full size-full wp-image-245\" alt=\"\" \/>\t\t\t\t\t\t\t\t\t\t\t\t\t\t\t<\/div>\n\t\t\t\t<div class=\"elementor-element elementor-element-489c1d9 elementor-widget elementor-widget-heading\" data-id=\"489c1d9\" data-element_type=\"widget\" data-widget_type=\"heading.default\">\n\t\t\t\t\t<h2 class=\"elementor-heading-title elementor-size-default translation-block\">Continuous learning <br>is part of our DNA<\/h2>\t\t\t\t<\/div>\n\t\t\t\t<div class=\"elementor-element elementor-element-9548666 elementor-widget elementor-widget-text-editor\" data-id=\"9548666\" data-element_type=\"widget\" data-widget_type=\"text-editor.default\">\n\t\t\t\t\t\t\t\t\t<p>At the AVA Academy, we train the professionals who uphold every detail of the AVA experience. Along this journey, we offer opportunities for international growth: advanced training trips, courses with industry leaders, and events that broaden professional perspectives.\u00a0<\/p><p>The academy is both demanding and supportive\u2014a space where experience is shared with rigor and sensitivity, and where each professional finds a solid foundation for growth.<\/p>\t\t\t\t\t\t\t\t<\/div>\n\t\t\t\t<\/div>\n\t\t\t\t<div class=\"elementor-element elementor-element-72e0b56 elementor-widget elementor-widget-image\" data-id=\"72e0b56\" data-element_type=\"widget\" data-widget_type=\"image.default\">\n\t\t\t\t\t\t\t\t\t\t\t\t\t\t\t<img fetchpriority=\"high\" decoding=\"async\" width=\"674\" height=\"548\" src=\"https:\/\/ava.com.py\/wp-content\/uploads\/2025\/10\/Rectangle-3-1.webp\" class=\"attachment-full size-full wp-image-240\" alt=\"LA FORMACI\u00d3N CONSTANTE ES PARTE DE NUESTRO ADN\" srcset=\"https:\/\/ava.com.py\/wp-content\/uploads\/2025\/10\/Rectangle-3-1.webp 674w, https:\/\/ava.com.py\/wp-content\/uploads\/2025\/10\/Rectangle-3-1-300x244.webp 300w\" sizes=\"(max-width: 674px) 100vw, 674px\" \/>\t\t\t\t\t\t\t\t\t\t\t\t\t\t\t<\/div>\n\t\t\t\t<\/div>\n\t\t\t\t<\/div>","protected":false},"excerpt":{"rendered":"<p>ACADEMIA \u00c1VA LA FORMACI\u00d3N CONSTANTEES PARTE DE NUESTRO ADN En la Academia formamos a los profesionales que sostienen cada detalle de la experiencia \u00c1VA. A ese camino sumamos oportunidades de crecimiento internacional: viajes de perfeccionamiento, cursos con referentes y encuentros que ampl\u00edan la visi\u00f3n de la profesi\u00f3n.\u00a0 La Academia \u00c1VA es exigente y cercana. Un [&hellip;]<\/p>","protected":false},"author":1,"featured_media":0,"parent":0,"menu_order":0,"comment_status":"closed","ping_status":"closed","template":"","meta":{"_monsterinsights_skip_tracking":false,"_monsterinsights_sitenote_active":false,"_monsterinsights_sitenote_note":"","_monsterinsights_sitenote_category":0,"footnotes":""},"class_list":["post-238","page","type-page","status-publish","hentry"],"aioseo_notices":[],"_links":{"self":[{"href":"https:\/\/ava.com.py\/en\/wp-json\/wp\/v2\/pages\/238","targetHints":{"allow":["GET"]}}],"collection":[{"href":"https:\/\/ava.com.py\/en\/wp-json\/wp\/v2\/pages"}],"about":[{"href":"https:\/\/ava.com.py\/en\/wp-json\/wp\/v2\/types\/page"}],"author":[{"embeddable":true,"href":"https:\/\/ava.com.py\/en\/wp-json\/wp\/v2\/users\/1"}],"replies":[{"embeddable":true,"href":"https:\/\/ava.com.py\/en\/wp-json\/wp\/v2\/comments?post=238"}],"version-history":[{"count":58,"href":"https:\/\/ava.com.py\/en\/wp-json\/wp\/v2\/pages\/238\/revisions"}],"predecessor-version":[{"id":594,"href":"https:\/\/ava.com.py\/en\/wp-json\/wp\/v2\/pages\/238\/revisions\/594"}],"wp:attachment":[{"href":"https:\/\/ava.com.py\/en\/wp-json\/wp\/v2\/media?parent=238"}],"curies":[{"name":"wp","href":"https:\/\/api.w.org\/{rel}","templated":true}]}}