{"id":269,"date":"2025-10-11T04:37:04","date_gmt":"2025-10-11T04:37:04","guid":{"rendered":"https:\/\/dev.webfactory.com.py\/ava-club\/?page_id=269"},"modified":"2025-10-14T20:48:38","modified_gmt":"2025-10-14T20:48:38","slug":"manifiesto","status":"publish","type":"page","link":"https:\/\/ava.com.py\/en\/manifiesto\/","title":{"rendered":"MANIFIESTO"},"content":{"rendered":"<div data-elementor-type=\"wp-page\" data-elementor-id=\"269\" class=\"elementor elementor-269\" data-elementor-post-type=\"page\">\n\t\t\t\t<div class=\"elementor-element elementor-element-aea642f e-flex e-con-boxed e-con e-parent\" data-id=\"aea642f\" data-element_type=\"container\" data-settings=\"{&quot;background_background&quot;:&quot;classic&quot;}\">\n\t\t\t\t\t<div class=\"e-con-inner\">\n\t\t<div class=\"elementor-element elementor-element-d2688a8 e-con-full e-flex e-con e-child\" data-id=\"d2688a8\" data-element_type=\"container\">\n\t\t\t\t<div class=\"elementor-element elementor-element-3b09ae8 elementor-widget elementor-widget-heading\" data-id=\"3b09ae8\" data-element_type=\"widget\" data-widget_type=\"heading.default\">\n\t\t\t\t\t<h1 class=\"elementor-heading-title elementor-size-default\">MANIFIESTO<\/h1>\t\t\t\t<\/div>\n\t\t\t\t<div class=\"elementor-element elementor-element-03fb6dd elementor-widget elementor-widget-text-editor\" data-id=\"03fb6dd\" data-element_type=\"widget\" data-widget_type=\"text-editor.default\">\n\t\t\t\t\t\t\t\t\t<p>In this habitat,<\/p><p>you come to reconnect with your essence<\/p>\t\t\t\t\t\t\t\t<\/div>\n\t\t\t\t<\/div>\n\t\t<div class=\"elementor-element elementor-element-f575df9 e-con-full e-flex e-con e-child\" data-id=\"f575df9\" data-element_type=\"container\">\n\t\t\t\t<div class=\"elementor-element elementor-element-fbeb821 elementor-widget__width-initial elementor-widget-tablet__width-inherit elementor-widget-laptop__width-inherit elementor-widget elementor-widget-text-editor\" data-id=\"fbeb821\" data-element_type=\"widget\" data-widget_type=\"text-editor.default\">\n\t\t\t\t\t\t\t\t\t<p>We conceive beauty as an authentic reflection of who we are. The natural and the sophisticated intertwine to create an environment that invites us to connect with the intimate, the personal.\n<br><br>\n\nIn this space, we nurture not only our outer beauty, but also the soul.<\/p><p>It\u2019s not about chasing the unattainable \u2014 every detail flows naturally, revealing what is genuine and essential. A celebration of what\u2019s real.<\/p>\t\t\t\t\t\t\t\t<\/div>\n\t\t\t\t<div class=\"elementor-element elementor-element-9e2cdd2 elementor-widget elementor-widget-button\" data-id=\"9e2cdd2\" data-element_type=\"widget\" data-widget_type=\"button.default\">\n\t\t\t\t\t\t\t\t\t\t<a class=\"elementor-button elementor-button-link elementor-size-sm\" href=\"https:\/\/ava.com.py\/en\/tu-habitat\/\">\n\t\t\t\t\t\t<span class=\"elementor-button-content-wrapper\">\n\t\t\t\t\t\t\t\t\t<span class=\"elementor-button-text\">See more<\/span>\n\t\t\t\t\t<\/span>\n\t\t\t\t\t<\/a>\n\t\t\t\t\t\t\t\t<\/div>\n\t\t\t\t<\/div>\n\t\t\t\t\t<\/div>\n\t\t\t\t<\/div>\n\t\t<div class=\"elementor-element elementor-element-9b49e5d e-flex e-con-boxed e-con e-parent\" data-id=\"9b49e5d\" data-element_type=\"container\" data-settings=\"{&quot;background_background&quot;:&quot;classic&quot;}\">\n\t\t\t\t\t<div class=\"e-con-inner\">\n\t\t\t\t<div class=\"elementor-element elementor-element-63a9da2 elementor-widget elementor-widget-heading\" data-id=\"63a9da2\" data-element_type=\"widget\" data-widget_type=\"heading.default\">\n\t\t\t\t\t<h1 class=\"elementor-heading-title elementor-size-default\">TURNOS<\/h1>\t\t\t\t<\/div>\n\t\t\t\t<div class=\"elementor-element elementor-element-0fc167e elementor-view-default elementor-widget elementor-widget-icon\" data-id=\"0fc167e\" data-element_type=\"widget\" data-widget_type=\"icon.default\">\n\t\t\t\t\t\t\t<div class=\"elementor-icon-wrapper\">\n\t\t\t<a class=\"elementor-icon\" href=\"https:\/\/calendico.com\/ava?fbclid=PAVERFWAM1I5tleHRuA2FlbQIxMQABpyyBxozwMHJPYogXMjiM-BF9JPgjFY8lPhyM6pgvRsvnlnoIyK1EOz-fwjs7_aem_nQ9DrYWYIhC2vC8zGasl8A\" target=\"_blank\">\n\t\t\t<svg xmlns=\"http:\/\/www.w3.org\/2000\/svg\" width=\"40\" height=\"39\" viewbox=\"0 0 40 39\" fill=\"none\"><rect x=\"0.5\" width=\"39\" height=\"39\" rx=\"19.5\" fill=\"#2A4737\"><\/rect><path d=\"M18.5833 23.0417L22.125 19.5L18.5833 15.9584\" stroke=\"white\" stroke-width=\"1.41667\" stroke-linecap=\"round\" stroke-linejoin=\"round\"><\/path><\/svg>\t\t\t<\/a>\n\t\t<\/div>\n\t\t\t\t\t\t<\/div>\n\t\t\t\t\t<\/div>\n\t\t\t\t<\/div>\n\t\t<div class=\"elementor-element elementor-element-0b0d4be e-flex e-con-boxed e-con e-parent\" data-id=\"0b0d4be\" data-element_type=\"container\" data-settings=\"{&quot;background_background&quot;:&quot;classic&quot;}\">\n\t\t\t\t\t<div class=\"e-con-inner\">\n\t\t\t\t\t<\/div>\n\t\t\t\t<\/div>\n\t\t\t\t<\/div>","protected":false},"excerpt":{"rendered":"<p>MANIFIESTO En este H\u00e1bitat, ven\u00eds a conectar con tu esencia. Concebimos la belleza como un reflejo aut\u00e9ntico de lo que somos. Lo natural y sofisticado se entrelazan para crear un entorno que nos invita a conectar con lo \u00edntimo, lo propio. En este espacio, nutrimos no solo nuestra belleza exterior, sino tambi\u00e9n el alma. No [&hellip;]<\/p>","protected":false},"author":1,"featured_media":0,"parent":0,"menu_order":0,"comment_status":"closed","ping_status":"closed","template":"","meta":{"_monsterinsights_skip_tracking":false,"_monsterinsights_sitenote_active":false,"_monsterinsights_sitenote_note":"","_monsterinsights_sitenote_category":0,"footnotes":""},"class_list":["post-269","page","type-page","status-publish","hentry"],"aioseo_notices":[],"_links":{"self":[{"href":"https:\/\/ava.com.py\/en\/wp-json\/wp\/v2\/pages\/269","targetHints":{"allow":["GET"]}}],"collection":[{"href":"https:\/\/ava.com.py\/en\/wp-json\/wp\/v2\/pages"}],"about":[{"href":"https:\/\/ava.com.py\/en\/wp-json\/wp\/v2\/types\/page"}],"author":[{"embeddable":true,"href":"https:\/\/ava.com.py\/en\/wp-json\/wp\/v2\/users\/1"}],"replies":[{"embeddable":true,"href":"https:\/\/ava.com.py\/en\/wp-json\/wp\/v2\/comments?post=269"}],"version-history":[{"count":25,"href":"https:\/\/ava.com.py\/en\/wp-json\/wp\/v2\/pages\/269\/revisions"}],"predecessor-version":[{"id":518,"href":"https:\/\/ava.com.py\/en\/wp-json\/wp\/v2\/pages\/269\/revisions\/518"}],"wp:attachment":[{"href":"https:\/\/ava.com.py\/en\/wp-json\/wp\/v2\/media?parent=269"}],"curies":[{"name":"wp","href":"https:\/\/api.w.org\/{rel}","templated":true}]}}