{"id":72,"date":"2025-10-10T20:29:23","date_gmt":"2025-10-10T20:29:23","guid":{"rendered":"https:\/\/dev.webfactory.com.py\/ava-club\/index.php\/barrio-mariscal-2\/"},"modified":"2025-10-28T19:04:47","modified_gmt":"2025-10-28T19:04:47","slug":"inicio","status":"publish","type":"page","link":"https:\/\/ava.com.py\/en\/","title":{"rendered":"Inicio"},"content":{"rendered":"<div data-elementor-type=\"wp-page\" data-elementor-id=\"72\" class=\"elementor elementor-72\" data-elementor-post-type=\"page\">\n\t\t\t\t<div class=\"elementor-element elementor-element-48ece3e e-flex e-con-boxed e-con e-parent\" data-id=\"48ece3e\" data-element_type=\"container\" data-settings=\"{&quot;background_background&quot;:&quot;classic&quot;}\">\n\t\t\t\t\t<div class=\"e-con-inner\">\n\t\t\t\t<div class=\"elementor-element elementor-element-aaabdcd elementor-widget elementor-widget-heading\" data-id=\"aaabdcd\" data-element_type=\"widget\" data-widget_type=\"heading.default\">\n\t\t\t\t\t<h1 class=\"elementor-heading-title elementor-size-default\">Welcome<br>to your habitat<\/h1>\t\t\t\t<\/div>\n\t\t\t\t<div class=\"elementor-element elementor-element-97c6e3e elementor-widget elementor-widget-button\" data-id=\"97c6e3e\" data-element_type=\"widget\" data-widget_type=\"button.default\">\n\t\t\t\t\t\t\t\t\t\t<a class=\"elementor-button elementor-button-link elementor-size-sm\" href=\"https:\/\/ava.com.py\/en\/tu-habitat\/\">\n\t\t\t\t\t\t<span class=\"elementor-button-content-wrapper\">\n\t\t\t\t\t\t\t\t\t<span class=\"elementor-button-text\">Discover \u00c1VA<\/span>\n\t\t\t\t\t<\/span>\n\t\t\t\t\t<\/a>\n\t\t\t\t\t\t\t\t<\/div>\n\t\t\t\t\t<\/div>\n\t\t\t\t<\/div>\n\t\t<div class=\"elementor-element elementor-element-edded25 e-flex e-con-boxed e-con e-parent\" data-id=\"edded25\" data-element_type=\"container\" data-settings=\"{&quot;background_background&quot;:&quot;classic&quot;}\">\n\t\t\t\t\t<div class=\"e-con-inner\">\n\t\t\t\t\t<\/div>\n\t\t\t\t<\/div>\n\t\t<div class=\"elementor-element elementor-element-768e064 e-flex e-con-boxed e-con e-parent\" data-id=\"768e064\" data-element_type=\"container\" data-settings=\"{&quot;background_background&quot;:&quot;classic&quot;}\">\n\t\t\t\t\t<div class=\"e-con-inner\">\n\t\t<div class=\"elementor-element elementor-element-81e13b4 e-con-full e-flex e-con e-child\" data-id=\"81e13b4\" data-element_type=\"container\">\n\t\t\t\t<div class=\"elementor-element elementor-element-f45068d elementor-widget elementor-widget-heading\" data-id=\"f45068d\" data-element_type=\"widget\" data-widget_type=\"heading.default\">\n\t\t\t\t\t<h2 class=\"elementor-heading-title elementor-size-default\">MANIFIESTO<\/h2>\t\t\t\t<\/div>\n\t\t\t\t<div class=\"elementor-element elementor-element-913de1e elementor-widget elementor-widget-text-editor\" data-id=\"913de1e\" data-element_type=\"widget\" data-widget_type=\"text-editor.default\">\n\t\t\t\t\t\t\t\t\t<p>In this habitat,<\/p><p>you come to reconnect with your essence<\/p>\t\t\t\t\t\t\t\t<\/div>\n\t\t\t\t<\/div>\n\t\t<div class=\"elementor-element elementor-element-004bb7e e-con-full e-flex e-con e-child\" data-id=\"004bb7e\" data-element_type=\"container\">\n\t\t\t\t<div class=\"elementor-element elementor-element-f0fca94 elementor-widget__width-initial elementor-widget-tablet__width-inherit elementor-widget elementor-widget-text-editor\" data-id=\"f0fca94\" data-element_type=\"widget\" data-widget_type=\"text-editor.default\">\n\t\t\t\t\t\t\t\t\t<p>We conceive beauty as an authentic reflection of who we are. The natural and the sophisticated intertwine to create an environment that invites us to connect with the intimate, the personal.\n<br><br>\n\nIn this space, we nurture not only our outer beauty, but also the soul.<\/p><p>It\u2019s not about chasing the unattainable \u2014 every detail flows naturally, revealing what is genuine and essential. A celebration of what\u2019s real.<\/p>\t\t\t\t\t\t\t\t<\/div>\n\t\t\t\t<div class=\"elementor-element elementor-element-d90815a elementor-widget elementor-widget-button\" data-id=\"d90815a\" data-element_type=\"widget\" data-widget_type=\"button.default\">\n\t\t\t\t\t\t\t\t\t\t<a class=\"elementor-button elementor-button-link elementor-size-sm\" href=\"https:\/\/ava.com.py\/en\/tu-habitat\/\">\n\t\t\t\t\t\t<span class=\"elementor-button-content-wrapper\">\n\t\t\t\t\t\t\t\t\t<span class=\"elementor-button-text\">See more<\/span>\n\t\t\t\t\t<\/span>\n\t\t\t\t\t<\/a>\n\t\t\t\t\t\t\t\t<\/div>\n\t\t\t\t<\/div>\n\t\t\t\t\t<\/div>\n\t\t\t\t<\/div>\n\t\t<div class=\"elementor-element elementor-element-889cdf5 e-flex e-con-boxed e-con e-parent\" data-id=\"889cdf5\" data-element_type=\"container\" data-settings=\"{&quot;background_background&quot;:&quot;classic&quot;}\">\n\t\t\t\t\t<div class=\"e-con-inner\">\n\t\t\t\t<div class=\"elementor-element elementor-element-aa6ae13 elementor-widget elementor-widget-heading\" data-id=\"aa6ae13\" data-element_type=\"widget\" data-widget_type=\"heading.default\">\n\t\t\t\t\t<h1 class=\"elementor-heading-title elementor-size-default\"><a href=\"https:\/\/calendico.com\/ava?fbclid=PAVERFWAM1I5tleHRuA2FlbQIxMQABpyyBxozwMHJPYogXMjiM-BF9JPgjFY8lPhyM6pgvRsvnlnoIyK1EOz-fwjs7_aem_nQ9DrYWYIhC2vC8zGasl8A\" target=\"_blank\">Book<br>your appointment<\/a><\/h1>\t\t\t\t<\/div>\n\t\t\t\t<div class=\"elementor-element elementor-element-61a077a elementor-view-default elementor-widget elementor-widget-icon\" data-id=\"61a077a\" data-element_type=\"widget\" data-widget_type=\"icon.default\">\n\t\t\t\t\t\t\t<div class=\"elementor-icon-wrapper\">\n\t\t\t<a class=\"elementor-icon\" href=\"https:\/\/calendico.com\/ava?fbclid=PAVERFWAM1I5tleHRuA2FlbQIxMQABpyyBxozwMHJPYogXMjiM-BF9JPgjFY8lPhyM6pgvRsvnlnoIyK1EOz-fwjs7_aem_nQ9DrYWYIhC2vC8zGasl8A\" target=\"_blank\">\n\t\t\t<svg xmlns=\"http:\/\/www.w3.org\/2000\/svg\" width=\"40\" height=\"39\" viewbox=\"0 0 40 39\" fill=\"none\"><rect x=\"0.5\" width=\"39\" height=\"39\" rx=\"19.5\" fill=\"#2A4737\"><\/rect><path d=\"M18.5833 23.0417L22.125 19.5L18.5833 15.9584\" stroke=\"white\" stroke-width=\"1.41667\" stroke-linecap=\"round\" stroke-linejoin=\"round\"><\/path><\/svg>\t\t\t<\/a>\n\t\t<\/div>\n\t\t\t\t\t\t<\/div>\n\t\t\t\t\t<\/div>\n\t\t\t\t<\/div>\n\t\t<div class=\"elementor-element elementor-element-65c1e0b e-flex e-con-boxed e-con e-parent\" data-id=\"65c1e0b\" data-element_type=\"container\" data-settings=\"{&quot;background_background&quot;:&quot;classic&quot;}\">\n\t\t\t\t\t<div class=\"e-con-inner\">\n\t\t\t\t\t<\/div>\n\t\t\t\t<\/div>\n\t\t\t\t<\/div>","protected":false},"excerpt":{"rendered":"<p>La idea de armar un espacio de peluquer\u00eda se convirti\u00f3 en la promesa de algo diferente, nuestros artistas del cabello entienden de ese compromiso. \u00c1va es un espacio de cuidado, donde nos aseguramos de que cada servicio conjugue armon\u00eda y belleza<\/p>","protected":false},"author":1,"featured_media":601,"parent":0,"menu_order":0,"comment_status":"closed","ping_status":"closed","template":"","meta":{"_monsterinsights_skip_tracking":false,"_monsterinsights_sitenote_active":false,"_monsterinsights_sitenote_note":"","_monsterinsights_sitenote_category":0,"footnotes":""},"class_list":["post-72","page","type-page","status-publish","has-post-thumbnail","hentry"],"aioseo_notices":[],"_links":{"self":[{"href":"https:\/\/ava.com.py\/en\/wp-json\/wp\/v2\/pages\/72","targetHints":{"allow":["GET"]}}],"collection":[{"href":"https:\/\/ava.com.py\/en\/wp-json\/wp\/v2\/pages"}],"about":[{"href":"https:\/\/ava.com.py\/en\/wp-json\/wp\/v2\/types\/page"}],"author":[{"embeddable":true,"href":"https:\/\/ava.com.py\/en\/wp-json\/wp\/v2\/users\/1"}],"replies":[{"embeddable":true,"href":"https:\/\/ava.com.py\/en\/wp-json\/wp\/v2\/comments?post=72"}],"version-history":[{"count":109,"href":"https:\/\/ava.com.py\/en\/wp-json\/wp\/v2\/pages\/72\/revisions"}],"predecessor-version":[{"id":615,"href":"https:\/\/ava.com.py\/en\/wp-json\/wp\/v2\/pages\/72\/revisions\/615"}],"wp:featuredmedia":[{"embeddable":true,"href":"https:\/\/ava.com.py\/en\/wp-json\/wp\/v2\/media\/601"}],"wp:attachment":[{"href":"https:\/\/ava.com.py\/en\/wp-json\/wp\/v2\/media?parent=72"}],"curies":[{"name":"wp","href":"https:\/\/api.w.org\/{rel}","templated":true}]}}